{"id":133,"date":"2023-12-05T10:01:47","date_gmt":"2023-12-05T09:01:47","guid":{"rendered":"https:\/\/knotz-schefflenz.de\/?page_id=133"},"modified":"2025-03-25T11:19:16","modified_gmt":"2025-03-25T10:19:16","slug":"oeffnungszeiten","status":"publish","type":"page","link":"https:\/\/knotz-schefflenz.de\/?page_id=133","title":{"rendered":"\u00d6ffnungszeiten"},"content":{"rendered":"\n<h2 class=\"wp-block-heading\">SB-Hofl\u00e4dle<\/h2>\n\n\n\n<p>Unser SB Hofl\u00e4dle ist 24h f\u00fcr Sie ge\u00f6ffnet:<\/p>\n\n\n\n<figure class=\"wp-block-image size-full is-resized\"><img fetchpriority=\"high\" decoding=\"async\" width=\"1198\" height=\"948\" src=\"https:\/\/knotz-schefflenz.de\/wp-content\/uploads\/2025\/03\/SB-Laedle.png\" alt=\"\" class=\"wp-image-185\" style=\"width:529px;height:auto\" srcset=\"https:\/\/knotz-schefflenz.de\/wp-content\/uploads\/2025\/03\/SB-Laedle.png 1198w, https:\/\/knotz-schefflenz.de\/wp-content\/uploads\/2025\/03\/SB-Laedle-300x237.png 300w, https:\/\/knotz-schefflenz.de\/wp-content\/uploads\/2025\/03\/SB-Laedle-1024x810.png 1024w, https:\/\/knotz-schefflenz.de\/wp-content\/uploads\/2025\/03\/SB-Laedle-768x608.png 768w, https:\/\/knotz-schefflenz.de\/wp-content\/uploads\/2025\/03\/SB-Laedle-676x535.png 676w\" sizes=\"(max-width: 1198px) 100vw, 1198px\" \/><\/figure>\n\n\n\n<h2 class=\"wp-block-heading\">Fleischverkauf<\/h2>\n\n\n\n<p>frisches Fleisch k\u00f6nnen Sie bei uns jeden Samstag zwischen 08:00 und 12: 00 Uhr einkaufen<\/p>\n\n\n\n<p>Gerne k\u00f6nnen Sie sich aber auch direkt mit uns in Verbindung setzten und einen separaten Termin zur Abholung vereinbaren.    <a href=\"https:\/\/knotz-schefflenz.de\/?page_id=70\" data-type=\"page\" data-id=\"70\">zu den Kontakdaten hier klicken<\/a><\/p>\n\n\n\n<figure class=\"wp-block-image size-large is-resized\"><img decoding=\"async\" width=\"768\" height=\"1024\" src=\"https:\/\/knotz-schefflenz.de\/wp-content\/uploads\/2023\/12\/Fleischtheke-768x1024.jpg\" alt=\"\" class=\"wp-image-141\" style=\"width:338px;height:auto\" srcset=\"https:\/\/knotz-schefflenz.de\/wp-content\/uploads\/2023\/12\/Fleischtheke-768x1024.jpg 768w, https:\/\/knotz-schefflenz.de\/wp-content\/uploads\/2023\/12\/Fleischtheke-225x300.jpg 225w, https:\/\/knotz-schefflenz.de\/wp-content\/uploads\/2023\/12\/Fleischtheke-1152x1536.jpg 1152w, https:\/\/knotz-schefflenz.de\/wp-content\/uploads\/2023\/12\/Fleischtheke-676x901.jpg 676w, https:\/\/knotz-schefflenz.de\/wp-content\/uploads\/2023\/12\/Fleischtheke.jpg 1200w\" sizes=\"(max-width: 768px) 100vw, 768px\" \/><\/figure>\n","protected":false},"excerpt":{"rendered":"<p>SB-Hofl\u00e4dle Unser SB Hofl\u00e4dle ist 24h f\u00fcr Sie ge\u00f6ffnet: Fleischverkauf frisches Fleisch k\u00f6nnen Sie bei uns jeden Samstag zwischen 08:00 und 12: 00 Uhr einkaufen Gerne k\u00f6nnen Sie sich aber auch direkt mit uns in Verbindung setzten und einen separaten Termin zur Abholung vereinbaren. zu den Kontakdaten hier klicken<\/p>\n","protected":false},"author":1,"featured_media":0,"parent":0,"menu_order":0,"comment_status":"closed","ping_status":"closed","template":"","meta":{"footnotes":""},"class_list":["post-133","page","type-page","status-publish","hentry","post-preview"],"_links":{"self":[{"href":"https:\/\/knotz-schefflenz.de\/index.php?rest_route=\/wp\/v2\/pages\/133","targetHints":{"allow":["GET"]}}],"collection":[{"href":"https:\/\/knotz-schefflenz.de\/index.php?rest_route=\/wp\/v2\/pages"}],"about":[{"href":"https:\/\/knotz-schefflenz.de\/index.php?rest_route=\/wp\/v2\/types\/page"}],"author":[{"embeddable":true,"href":"https:\/\/knotz-schefflenz.de\/index.php?rest_route=\/wp\/v2\/users\/1"}],"replies":[{"embeddable":true,"href":"https:\/\/knotz-schefflenz.de\/index.php?rest_route=%2Fwp%2Fv2%2Fcomments&post=133"}],"version-history":[{"count":12,"href":"https:\/\/knotz-schefflenz.de\/index.php?rest_route=\/wp\/v2\/pages\/133\/revisions"}],"predecessor-version":[{"id":186,"href":"https:\/\/knotz-schefflenz.de\/index.php?rest_route=\/wp\/v2\/pages\/133\/revisions\/186"}],"wp:attachment":[{"href":"https:\/\/knotz-schefflenz.de\/index.php?rest_route=%2Fwp%2Fv2%2Fmedia&parent=133"}],"curies":[{"name":"wp","href":"https:\/\/api.w.org\/{rel}","templated":true}]}}