{"id":74,"date":"2023-11-09T07:25:56","date_gmt":"2023-11-09T07:25:56","guid":{"rendered":"https:\/\/knotz-schefflenz.de\/?page_id=74"},"modified":"2024-04-15T07:08:12","modified_gmt":"2024-04-15T06:08:12","slug":"startseite","status":"publish","type":"page","link":"https:\/\/knotz-schefflenz.de\/","title":{"rendered":"Knotz Direktvermarktung"},"content":{"rendered":"\n<p>Herzlich willkommen in unserem landwirtschaftlichen Betrieb im malerischen Schefflenztal, eingebettet in die nat\u00fcrliche Sch\u00f6nheit des Naturparks Neckartal-Odenwald. Bei uns steht die Natur im Mittelpunkt, und das spiegelt sich in der Qualit\u00e4t unserer Produkte wider.<\/p>\n\n\n\n<p><strong>Unsere Philosophie<\/strong><\/p>\n\n\n\n<p>Unser Betrieb ist stolz darauf, hochwertige Lebensmittel anzubieten, die im Einklang mit der Natur erzeugt werden. Bei uns stehen Nachhaltigkeit und artgerechte Tierhaltung an erster Stelle. Wir setzen auf Weidehaltung von Fr\u00fchjahr bis Herbst, um unseren Tieren einen nat\u00fcrlichen Lebensraum zu bieten.<\/p>\n\n\n\n<p><strong>Unsere Produkte<\/strong><\/p>\n\n\n\n<p>Wir sind spezialisiert auf die Selbstvermarktung von Rindfleisch von unseren eigenen Weiderindern sowie Fleisch von unserem eigenen Damwild. Diese Tiere wachsen in einer stressfreien Umgebung auf und ern\u00e4hren sich von nat\u00fcrlichen Weidegr\u00e4sern, was sich positiv auf die Qualit\u00e4t ihres Fleisches auswirkt.<\/p>\n\n\n\n<p><strong>Strohstall<\/strong><\/p>\n\n\n\n<p>Unsere Tiere haben in unserem Strohstall einen komfortablen und gesch\u00fctzten Ort zum Ausruhen und Schlafen. Wir legen gro\u00dfen Wert darauf, dass sich unsere Tiere wohlf\u00fchlen und artgerecht gehalten werden.<\/p>\n\n\n\n<p class=\"has-dark-gray-color has-text-color has-link-color wp-elements-a7dc0bd73ae0d4a6ac33d8865822d177\"><strong><a href=\"https:\/\/knotz-schefflenz.de\/?page_id=70\" data-type=\"page\" data-id=\"70\">Kontaktieren Sie uns<\/a><\/strong><\/p>\n\n\n\n<p>Wenn Sie Fragen haben oder mehr \u00fcber unsere Produkte und unseren Betrieb erfahren m\u00f6chten, z\u00f6gern Sie nicht, uns zu kontaktieren. Wir freuen uns darauf, von Ihnen zu h\u00f6ren und Sie bald bei uns begr\u00fc\u00dfen zu d\u00fcrfen.<\/p>\n\n\n\n<p><strong>Ihre Familie Knotz<\/strong><\/p>\n","protected":false},"excerpt":{"rendered":"<p>Herzlich willkommen in unserem landwirtschaftlichen Betrieb im malerischen Schefflenztal, eingebettet in die nat\u00fcrliche Sch\u00f6nheit des Naturparks Neckartal-Odenwald. Bei uns steht die Natur im Mittelpunkt, und das spiegelt sich in der Qualit\u00e4t unserer Produkte wider. Unsere Philosophie Unser Betrieb ist stolz darauf, hochwertige Lebensmittel anzubieten, die im Einklang mit der Natur erzeugt werden. Bei uns stehen [&hellip;]<\/p>\n","protected":false},"author":1,"featured_media":0,"parent":0,"menu_order":0,"comment_status":"closed","ping_status":"closed","template":"","meta":{"footnotes":""},"class_list":["post-74","page","type-page","status-publish","hentry","post-preview"],"_links":{"self":[{"href":"https:\/\/knotz-schefflenz.de\/index.php?rest_route=\/wp\/v2\/pages\/74","targetHints":{"allow":["GET"]}}],"collection":[{"href":"https:\/\/knotz-schefflenz.de\/index.php?rest_route=\/wp\/v2\/pages"}],"about":[{"href":"https:\/\/knotz-schefflenz.de\/index.php?rest_route=\/wp\/v2\/types\/page"}],"author":[{"embeddable":true,"href":"https:\/\/knotz-schefflenz.de\/index.php?rest_route=\/wp\/v2\/users\/1"}],"replies":[{"embeddable":true,"href":"https:\/\/knotz-schefflenz.de\/index.php?rest_route=%2Fwp%2Fv2%2Fcomments&post=74"}],"version-history":[{"count":4,"href":"https:\/\/knotz-schefflenz.de\/index.php?rest_route=\/wp\/v2\/pages\/74\/revisions"}],"predecessor-version":[{"id":167,"href":"https:\/\/knotz-schefflenz.de\/index.php?rest_route=\/wp\/v2\/pages\/74\/revisions\/167"}],"wp:attachment":[{"href":"https:\/\/knotz-schefflenz.de\/index.php?rest_route=%2Fwp%2Fv2%2Fmedia&parent=74"}],"curies":[{"name":"wp","href":"https:\/\/api.w.org\/{rel}","templated":true}]}}