{"id":78,"date":"2023-11-09T07:28:07","date_gmt":"2023-11-09T07:28:07","guid":{"rendered":"https:\/\/knotz-schefflenz.de\/?page_id=78"},"modified":"2023-12-14T08:44:08","modified_gmt":"2023-12-14T07:44:08","slug":"erzeugnisse","status":"publish","type":"page","link":"https:\/\/knotz-schefflenz.de\/?page_id=78","title":{"rendered":"Unsere Erzeugnisse"},"content":{"rendered":"\n<p>Bei uns werden alle Produkte von Meisterhand gefertigt. Hier ist Handwerk noch Handwerk. Metzgermeister Marco legt gr\u00f6\u00dften Wert auf Tradition und Leidenschaft, um Ihnen Produkte von h\u00f6chster Qualit\u00e4t anzubieten. Jedes Produkt wird sorgf\u00e4ltig bearbeitet, um sicherzustellen, dass Sie nur das Beste aus unserer Metzgerkunst genie\u00dfen.<\/p>\n\n\n\n<p>Das Rind- und Damwildfleisch stammt direkt aus eigener Zucht. Die Rinderweide befindet sich direkt rund um unseren Hof, das Damwild hat ein gro\u00dfes Gehege im nahegelegenen Odenwald.<\/p>\n\n\n\n<h2 class=\"wp-block-heading\">Hier ist das Rind daheim<\/h2>\n\n\n\n<div class=\"wp-block-columns is-layout-flex wp-container-core-columns-is-layout-9d6595d7 wp-block-columns-is-layout-flex\">\n<div class=\"wp-block-column is-layout-flow wp-block-column-is-layout-flow\">\n<figure class=\"wp-block-image size-full is-resized\"><img fetchpriority=\"high\" decoding=\"async\" width=\"768\" height=\"1024\" src=\"https:\/\/knotz-schefflenz.de\/wp-content\/uploads\/2023\/11\/Paket01.jpeg\" alt=\"\" class=\"wp-image-94\" style=\"width:251px;height:auto\" srcset=\"https:\/\/knotz-schefflenz.de\/wp-content\/uploads\/2023\/11\/Paket01.jpeg 768w, https:\/\/knotz-schefflenz.de\/wp-content\/uploads\/2023\/11\/Paket01-225x300.jpeg 225w, https:\/\/knotz-schefflenz.de\/wp-content\/uploads\/2023\/11\/Paket01-676x901.jpeg 676w\" sizes=\"(max-width: 768px) 100vw, 768px\" \/><\/figure>\n<\/div>\n\n\n\n<div class=\"wp-block-column is-layout-flow wp-block-column-is-layout-flow\">\n<ul class=\"wp-block-list\">\n<li>Braten<\/li>\n\n\n\n<li>Backen<\/li>\n\n\n\n<li>Rouladen<\/li>\n\n\n\n<li>H\u00fcftsteak<\/li>\n\n\n\n<li>Gulasch<\/li>\n\n\n\n<li>Siedfleisch<\/li>\n\n\n\n<li>Filet<\/li>\n\n\n\n<li>Ochsenschwanz<\/li>\n\n\n\n<li>Burger<\/li>\n\n\n\n<li>Knochen<\/li>\n<\/ul>\n<\/div>\n\n\n\n<div class=\"wp-block-column is-layout-flow wp-block-column-is-layout-flow\">\n<ul class=\"wp-block-list\">\n<li>Tafelspitz\/BGM<\/li>\n\n\n\n<li>Sauerbraten<\/li>\n\n\n\n<li>Rostbraten<\/li>\n\n\n\n<li>Pfefferbeiser <\/li>\n\n\n\n<li>Bratwurst &#8222;Ungarische Art&#8220;<\/li>\n\n\n\n<li>Innereien<\/li>\n\n\n\n<li>H\u00fcfte<\/li>\n\n\n\n<li>Hackfleisch<\/li>\n\n\n\n<li>Flank<\/li>\n\n\n\n<li>Beinscheibe<\/li>\n<\/ul>\n<\/div>\n<\/div>\n\n\n\n<h2 class=\"wp-block-heading\">leckeres vom Damwild<\/h2>\n\n\n\n<div class=\"wp-block-columns is-layout-flex wp-container-core-columns-is-layout-9d6595d7 wp-block-columns-is-layout-flex\">\n<div class=\"wp-block-column is-layout-flow wp-block-column-is-layout-flow\">\n<ul class=\"wp-block-list\">\n<li>Filet<\/li>\n\n\n\n<li>Keule<\/li>\n\n\n\n<li>Rouladen<\/li>\n\n\n\n<li>Bratwurst<\/li>\n\n\n\n<li>Innereien<\/li>\n\n\n\n<li>Bratwurst 200g<\/li>\n\n\n\n<li>Schnitzel<\/li>\n\n\n\n<li>Schinken<\/li>\n<\/ul>\n<\/div>\n\n\n\n<div class=\"wp-block-column is-layout-flow wp-block-column-is-layout-flow\">\n<ul class=\"wp-block-list\">\n<li>R\u00fccken<\/li>\n\n\n\n<li>Gulasch<\/li>\n\n\n\n<li>Steaks aus der Keule<\/li>\n\n\n\n<li>Fleischwurst<\/li>\n\n\n\n<li>Salami<\/li>\n\n\n\n<li>Bug \/ Schulter<\/li>\n\n\n\n<li>R\u00fcckensteaks<\/li>\n\n\n\n<li>Lyoner<\/li>\n<\/ul>\n<\/div>\n\n\n\n<div class=\"wp-block-column is-layout-flow wp-block-column-is-layout-flow\">\n<figure class=\"wp-block-image size-full is-resized\"><img decoding=\"async\" width=\"883\" height=\"737\" src=\"https:\/\/knotz-schefflenz.de\/wp-content\/uploads\/2023\/11\/Hirsch.png\" alt=\"\" class=\"wp-image-96\" style=\"width:321px;height:auto\" srcset=\"https:\/\/knotz-schefflenz.de\/wp-content\/uploads\/2023\/11\/Hirsch.png 883w, https:\/\/knotz-schefflenz.de\/wp-content\/uploads\/2023\/11\/Hirsch-300x250.png 300w, https:\/\/knotz-schefflenz.de\/wp-content\/uploads\/2023\/11\/Hirsch-768x641.png 768w, https:\/\/knotz-schefflenz.de\/wp-content\/uploads\/2023\/11\/Hirsch-676x564.png 676w\" sizes=\"(max-width: 883px) 100vw, 883px\" \/><\/figure>\n<\/div>\n<\/div>\n\n\n\n<h2 class=\"wp-block-heading\">Sie haben Fragen oder m\u00f6chten Bestellen ? <\/h2>\n\n\n\n<div class=\"wp-block-buttons is-layout-flex wp-block-buttons-is-layout-flex\">\n<div class=\"wp-block-button\"><a class=\"wp-block-button__link wp-element-button\" href=\"https:\/\/knotz-schefflenz.de\/?page_id=70\">Hier finden Sie unsere Kontaktdaten<\/a><\/div>\n<\/div>\n\n\n\n<div class=\"alignnormal\"><div id=\"metaslider-id-108\" style=\"width: 100%;\" class=\"ml-slider-3-108-0 metaslider metaslider-flex metaslider-108 ml-slider ms-theme-default nav-hidden\" role=\"region\" aria-label=\"Gallery\" data-height=\"700\" data-width=\"700\">\n    <div id=\"metaslider_container_108\">\n        <div id=\"metaslider_108\">\n            <ul class='slides'>\n                <li style=\"display: block; width: 100%;\" class=\"slide-109 ms-image \" aria-roledescription=\"slide\" data-date=\"2023-11-09 08:35:46\" data-filename=\"IMG_5602-scaled-700x700.jpg\" data-slide-type=\"image\"><img decoding=\"async\" src=\"https:\/\/knotz-schefflenz.de\/wp-content\/uploads\/2023\/11\/IMG_5602-scaled-700x700.jpg\" height=\"700\" width=\"700\" alt=\"\" class=\"slider-108 slide-109 msDefaultImage\" title=\"IMG_5602\" \/><\/li>\n                <li style=\"display: none; width: 100%;\" class=\"slide-110 ms-image \" aria-roledescription=\"slide\" data-date=\"2023-11-09 08:36:21\" data-filename=\"Hirsch-700x700.png\" data-slide-type=\"image\"><img loading=\"lazy\" decoding=\"async\" src=\"https:\/\/knotz-schefflenz.de\/wp-content\/uploads\/2023\/11\/Hirsch-700x700.png\" height=\"700\" width=\"700\" alt=\"\" class=\"slider-108 slide-110 msDefaultImage\" title=\"Hirsch\" \/><\/li>\n                <li style=\"display: none; width: 100%;\" class=\"slide-111 ms-image \" aria-roledescription=\"slide\" data-date=\"2023-11-09 08:36:30\" data-filename=\"Paket01-700x700.jpeg\" data-slide-type=\"image\"><img loading=\"lazy\" decoding=\"async\" src=\"https:\/\/knotz-schefflenz.de\/wp-content\/uploads\/2023\/11\/Paket01-700x700.jpeg\" height=\"700\" width=\"700\" alt=\"\" class=\"slider-108 slide-111 msDefaultImage\" title=\"Paket01\" \/><\/li>\n                <li style=\"display: none; width: 100%;\" class=\"slide-116 ms-image \" aria-roledescription=\"slide\" data-date=\"2023-11-09 08:37:59\" data-filename=\"steak.png\" data-slide-type=\"image\"><img loading=\"lazy\" decoding=\"async\" src=\"https:\/\/knotz-schefflenz.de\/wp-content\/uploads\/2023\/11\/steak.png\" height=\"700\" width=\"700\" alt=\"\" class=\"slider-108 slide-116 msDefaultImage\" title=\"steak\" \/><\/li>\n                <li style=\"display: none; width: 100%;\" class=\"slide-117 ms-image \" aria-roledescription=\"slide\" data-date=\"2023-11-09 08:38:00\" data-filename=\"IMG-20230918-WA0001-681x681.jpg\" data-slide-type=\"image\"><img loading=\"lazy\" decoding=\"async\" src=\"https:\/\/knotz-schefflenz.de\/wp-content\/uploads\/2023\/11\/IMG-20230918-WA0001-681x681.jpg\" height=\"700\" width=\"700\" alt=\"\" class=\"slider-108 slide-117 msDefaultImage\" title=\"IMG-20230918-WA0001\" \/><\/li>\n                <li style=\"display: none; width: 100%;\" class=\"slide-118 ms-image \" aria-roledescription=\"slide\" data-date=\"2023-11-09 08:38:00\" data-filename=\"IMG_5642-scaled-700x700.jpg\" data-slide-type=\"image\"><img loading=\"lazy\" decoding=\"async\" src=\"https:\/\/knotz-schefflenz.de\/wp-content\/uploads\/2023\/11\/IMG_5642-scaled-700x700.jpg\" height=\"700\" width=\"700\" alt=\"\" class=\"slider-108 slide-118 msDefaultImage\" title=\"IMG_5642\" \/><\/li>\n                <li style=\"display: none; width: 100%;\" class=\"slide-119 ms-image \" aria-roledescription=\"slide\" data-date=\"2023-11-09 08:38:00\" data-filename=\"PIA-scaled-700x700.jpg\" data-slide-type=\"image\"><img loading=\"lazy\" decoding=\"async\" src=\"https:\/\/knotz-schefflenz.de\/wp-content\/uploads\/2023\/11\/PIA-scaled-700x700.jpg\" height=\"700\" width=\"700\" alt=\"\" class=\"slider-108 slide-119 msDefaultImage\" title=\"PIA\" \/><\/li>\n            <\/ul>\n        <\/div>\n        \n    <\/div>\n<\/div><\/div>\n","protected":false},"excerpt":{"rendered":"<p>Bei uns werden alle Produkte von Meisterhand gefertigt. Hier ist Handwerk noch Handwerk. Metzgermeister Marco legt gr\u00f6\u00dften Wert auf Tradition und Leidenschaft, um Ihnen Produkte von h\u00f6chster Qualit\u00e4t anzubieten. Jedes Produkt wird sorgf\u00e4ltig bearbeitet, um sicherzustellen, dass Sie nur das Beste aus unserer Metzgerkunst genie\u00dfen. Das Rind- und Damwildfleisch stammt direkt aus eigener Zucht. Die [&hellip;]<\/p>\n","protected":false},"author":1,"featured_media":0,"parent":0,"menu_order":3,"comment_status":"closed","ping_status":"closed","template":"","meta":{"footnotes":""},"class_list":["post-78","page","type-page","status-publish","hentry","post-preview"],"_links":{"self":[{"href":"https:\/\/knotz-schefflenz.de\/index.php?rest_route=\/wp\/v2\/pages\/78","targetHints":{"allow":["GET"]}}],"collection":[{"href":"https:\/\/knotz-schefflenz.de\/index.php?rest_route=\/wp\/v2\/pages"}],"about":[{"href":"https:\/\/knotz-schefflenz.de\/index.php?rest_route=\/wp\/v2\/types\/page"}],"author":[{"embeddable":true,"href":"https:\/\/knotz-schefflenz.de\/index.php?rest_route=\/wp\/v2\/users\/1"}],"replies":[{"embeddable":true,"href":"https:\/\/knotz-schefflenz.de\/index.php?rest_route=%2Fwp%2Fv2%2Fcomments&post=78"}],"version-history":[{"count":2,"href":"https:\/\/knotz-schefflenz.de\/index.php?rest_route=\/wp\/v2\/pages\/78\/revisions"}],"predecessor-version":[{"id":159,"href":"https:\/\/knotz-schefflenz.de\/index.php?rest_route=\/wp\/v2\/pages\/78\/revisions\/159"}],"wp:attachment":[{"href":"https:\/\/knotz-schefflenz.de\/index.php?rest_route=%2Fwp%2Fv2%2Fmedia&parent=78"}],"curies":[{"name":"wp","href":"https:\/\/api.w.org\/{rel}","templated":true}]}}